{"id":7,"date":"2019-01-31T00:19:37","date_gmt":"2019-01-31T00:19:37","guid":{"rendered":"http:\/\/vicalvarodental.com\/wp\/?page_id=7"},"modified":"2021-11-24T13:11:46","modified_gmt":"2021-11-24T13:11:46","slug":"inicio","status":"publish","type":"page","link":"https:\/\/vicalvarodental.com\/index.php\/inicio\/","title":{"rendered":"Equipo"},"content":{"rendered":"<p>&nbsp;<\/p>\n<table style=\"width: 100%; border-collapse: collapse;\" border=\"0\">\n<tbody>\n<tr>\n<td style=\"width: 125%;\" colspan=\"4\">\n<h2 style=\"text-align: center;\">EQUIPO CL\u00cdNICO<\/h2>\n<h2 style=\"text-align: center;\"><\/h2>\n<\/td>\n<\/tr>\n<tr>\n<td style=\"width: 125%;\" colspan=\"4\">\n<h3 style=\"text-align: center;\">DOCTORES<\/h3>\n<h3 style=\"text-align: center;\"><\/h3>\n<\/td>\n<\/tr>\n<tr>\n<td style=\"width: 50%; text-align: center;\" colspan=\"2\">DRA. LAURA PARDO<\/td>\n<td style=\"width: 75%; text-align: center;\" colspan=\"2\">DR. DAVID RODR\u00cdGUEZ<\/td>\n<\/tr>\n<tr>\n<td style=\"width: 25%;\"><img loading=\"lazy\" class=\"alignnone wp-image-365 size-full\" src=\"http:\/\/vicalvarodental.com\/wp-content\/uploads\/2020\/12\/LAURA_200PX.jpg\" alt=\"\" width=\"200\" height=\"300\" \/><\/td>\n<td style=\"width: 25%;\">ODONT\u00d3LOGA, CIRUJANA, IMPLANT\u00d3LOGO, PROSTODONCISTA, ODONTOPEDIATRA, EST\u00c9TICA<\/td>\n<td style=\"width: 25%;\">ODONT\u00d3LOGO, CIRUJANO, PROSTODONCISTA.<\/td>\n<td style=\"width: 50%;\"><img loading=\"lazy\" class=\"alignnone wp-image-351 size-full\" src=\"http:\/\/vicalvarodental.com\/wp-content\/uploads\/2020\/12\/david_200px.jpg\" alt=\"\" width=\"200\" height=\"300\" \/><\/td>\n<\/tr>\n<tr>\n<td style=\"width: 25%;\">\n<h3 style=\"text-align: center;\"><\/h3>\n<\/td>\n<td style=\"width: 25%;\"><\/td>\n<td style=\"width: 25%;\"><\/td>\n<td style=\"width: 50%;\"><\/td>\n<\/tr>\n<tr>\n<td style=\"width: 125%;\" colspan=\"4\">\n<h3 style=\"text-align: center;\">COLABORADORES<\/h3>\n<\/td>\n<\/tr>\n<tr>\n<td style=\"width: 25%; text-align: center;\" colspan=\"2\">DR. MANUEL VEGA<\/td>\n<td style=\"width: 25%; text-align: center;\" colspan=\"2\">DRA. ANA DE PEDRO<\/td>\n<\/tr>\n<tr>\n<td style=\"width: 25%;\"><img loading=\"lazy\" class=\"alignright wp-image-477 size-thumbnail\" src=\"http:\/\/vicalvarodental.com\/wp-content\/uploads\/2021\/03\/MG_9773-scaled-e1615456380110-200x300.jpg\" alt=\"\" width=\"200\" height=\"300\" \/><\/td>\n<td style=\"width: 25%; text-align: center;\">ORTODONCISTA<\/td>\n<td style=\"width: 25%;\">ENDODONCISTA<\/td>\n<td style=\"width: 50%;\"><img loading=\"lazy\" class=\"wp-image-484 size-full aligncenter\" src=\"http:\/\/vicalvarodental.com\/wp-content\/uploads\/2021\/03\/foto_ana_clinica.jpg\" alt=\"\" width=\"200\" height=\"300\" \/><\/td>\n<\/tr>\n<tr>\n<td style=\"width: 25%; text-align: center;\" colspan=\"2\">DRA. FRANCESCA SCALIA<\/td>\n<td style=\"width: 25%;\" colspan=\"2\"><\/td>\n<\/tr>\n<tr>\n<td style=\"width: 25%;\"><img loading=\"lazy\" class=\"alignright size-thumbnail wp-image-702\" src=\"http:\/\/vicalvarodental.com\/wp-content\/uploads\/2021\/11\/Mariolina1-225x300.jpeg\" alt=\"\" width=\"225\" height=\"300\" srcset=\"https:\/\/vicalvarodental.com\/wp-content\/uploads\/2021\/11\/Mariolina1-225x300.jpeg 225w, https:\/\/vicalvarodental.com\/wp-content\/uploads\/2021\/11\/Mariolina1-450x600.jpeg 450w, https:\/\/vicalvarodental.com\/wp-content\/uploads\/2021\/11\/Mariolina1.jpeg 768w\" sizes=\"(max-width: 225px) 100vw, 225px\" \/><\/td>\n<td style=\"width: 25%; text-align: center;\">ODONTOPEDIATRA<\/td>\n<td style=\"width: 25%;\"><\/td>\n<td style=\"width: 50%;\"><\/td>\n<\/tr>\n<tr>\n<td style=\"width: 25%;\" colspan=\"4\">\n<h3 style=\"text-align: center;\"><\/h3>\n<\/td>\n<\/tr>\n<tr>\n<td style=\"width: 25%;\" colspan=\"4\">\n<h3 style=\"text-align: center;\">PERSONAL CL\u00cdNICO<\/h3>\n<\/td>\n<\/tr>\n<tr>\n<td style=\"width: 25%; text-align: center;\" colspan=\"2\">LAURA FERN\u00c1NDEZ<\/td>\n<td style=\"width: 25%; text-align: center;\" colspan=\"2\">SONIA CALVO<\/td>\n<\/tr>\n<tr>\n<td style=\"width: 25%;\"><img loading=\"lazy\" class=\"alignright wp-image-489 size-thumbnail\" src=\"http:\/\/vicalvarodental.com\/wp-content\/uploads\/2021\/09\/MG_9886-scaled-e1631004665184-200x300.jpg\" alt=\"\" width=\"200\" height=\"300\" srcset=\"https:\/\/vicalvarodental.com\/wp-content\/uploads\/2021\/09\/MG_9886-scaled-e1631004665184-200x300.jpg 200w, https:\/\/vicalvarodental.com\/wp-content\/uploads\/2021\/09\/MG_9886-scaled-e1631004665184-400x600.jpg 400w, https:\/\/vicalvarodental.com\/wp-content\/uploads\/2021\/09\/MG_9886-scaled-e1631004665184-683x1024.jpg 683w, https:\/\/vicalvarodental.com\/wp-content\/uploads\/2021\/09\/MG_9886-scaled-e1631004665184-768x1152.jpg 768w, https:\/\/vicalvarodental.com\/wp-content\/uploads\/2021\/09\/MG_9886-scaled-e1631004665184-1024x1536.jpg 1024w, https:\/\/vicalvarodental.com\/wp-content\/uploads\/2021\/09\/MG_9886-scaled-e1631004665184-1366x2048.jpg 1366w, https:\/\/vicalvarodental.com\/wp-content\/uploads\/2021\/09\/MG_9886-scaled-e1631004665184.jpg 1707w\" sizes=\"(max-width: 200px) 100vw, 200px\" \/><\/td>\n<td style=\"width: 25%; text-align: center;\">AUXILIAR, ATENCI\u00d3N AL PACIENTE<\/td>\n<td style=\"width: 25%; text-align: center;\">HIGIENISTA, ATENCI\u00d3N AL PACIENTE<\/td>\n<td style=\"width: 50%;\"><img loading=\"lazy\" class=\"alignright wp-image-478 size-full\" src=\"http:\/\/vicalvarodental.com\/wp-content\/uploads\/2021\/03\/sonia-rotated.jpg\" alt=\"\" width=\"200\" height=\"300\" \/><\/td>\n<\/tr>\n<\/tbody>\n<\/table>\n<p>&nbsp;<\/p>\n","protected":false},"excerpt":{"rendered":"<p>&nbsp; EQUIPO CL\u00cdNICO DOCTORES DRA. LAURA PARDO DR. DAVID RODR\u00cdGUEZ ODONT\u00d3LOGA, CIRUJANA, IMPLANT\u00d3LOGO, PROSTODONCISTA, ODONTOPEDIATRA, EST\u00c9TICA ODONT\u00d3LOGO, CIRUJANO, PROSTODONCISTA. COLABORADORES DR. MANUEL VEGA DRA. ANA DE PEDRO ORTODONCISTA ENDODONCISTA DRA. FRANCESCA SCALIA ODONTOPEDIATRA PERSONAL CL\u00cdNICO LAURA FERN\u00c1NDEZ SONIA CALVO AUXILIAR, ATENCI\u00d3N AL PACIENTE HIGIENISTA, ATENCI\u00d3N AL PACIENTE &nbsp;<\/p>\n","protected":false},"author":1,"featured_media":0,"parent":0,"menu_order":0,"comment_status":"closed","ping_status":"closed","template":"","meta":[],"_links":{"self":[{"href":"https:\/\/vicalvarodental.com\/index.php\/wp-json\/wp\/v2\/pages\/7"}],"collection":[{"href":"https:\/\/vicalvarodental.com\/index.php\/wp-json\/wp\/v2\/pages"}],"about":[{"href":"https:\/\/vicalvarodental.com\/index.php\/wp-json\/wp\/v2\/types\/page"}],"author":[{"embeddable":true,"href":"https:\/\/vicalvarodental.com\/index.php\/wp-json\/wp\/v2\/users\/1"}],"replies":[{"embeddable":true,"href":"https:\/\/vicalvarodental.com\/index.php\/wp-json\/wp\/v2\/comments?post=7"}],"version-history":[{"count":55,"href":"https:\/\/vicalvarodental.com\/index.php\/wp-json\/wp\/v2\/pages\/7\/revisions"}],"predecessor-version":[{"id":710,"href":"https:\/\/vicalvarodental.com\/index.php\/wp-json\/wp\/v2\/pages\/7\/revisions\/710"}],"wp:attachment":[{"href":"https:\/\/vicalvarodental.com\/index.php\/wp-json\/wp\/v2\/media?parent=7"}],"curies":[{"name":"wp","href":"https:\/\/api.w.org\/{rel}","templated":true}]}}