{"id":409,"date":"2020-12-17T12:14:18","date_gmt":"2020-12-17T12:14:18","guid":{"rendered":"http:\/\/vicalvarodental.com\/wp\/?page_id=409"},"modified":"2021-09-07T17:41:16","modified_gmt":"2021-09-07T17:41:16","slug":"endodoncia","status":"publish","type":"page","link":"https:\/\/vicalvarodental.com\/index.php\/endodoncia\/","title":{"rendered":"Endodoncia"},"content":{"rendered":"<table style=\"border-collapse: collapse; width: 100%;\" border=\"0\">\n<tbody>\n<tr>\n<td style=\"width: 100%;\"><span style=\"color: #8f8888;\">Es la \u00faltima opci\u00f3n antes de que el paciente pierda su propia pieza dental. Se conoce como la especialidad de la odontolog\u00eda dedicada a la prevenci\u00f3n, diagn\u00f3stico y tratamiento de las enfermedades de la pulpa dental (nervio). La pulpa dental es un tejido existente dentro del diente que contiene los nervios y los vasos sangu\u00edneos y que es el causante del desarrollo dental. Cuando la pulpa se ha lesionado o esta enferma y no puede repararse a s\u00ed misma, se inflama y puede llegar a necrosarse, por lo que es necesario la realizaci\u00f3n de un tratamiento de endodoncia para evitar la p\u00e9rdida del diente.<\/span><\/td>\n<\/tr>\n<\/tbody>\n<\/table>\n<table style=\"border-collapse: collapse; width: 100%;\" border=\"0\">\n<tbody>\n<tr style=\"height: 23px;\">\n<td style=\"width: 50%; height: 23px;\"><img loading=\"lazy\" class=\"wp-image-548 aligncenter\" src=\"http:\/\/vicalvarodental.com\/wp\/wp-content\/uploads\/2021\/09\/E7B9CC8F-57A2-480C-850D-83FD69A987F6-300x235.jpeg\" alt=\"\" width=\"207\" height=\"162\" srcset=\"https:\/\/vicalvarodental.com\/wp-content\/uploads\/2021\/09\/E7B9CC8F-57A2-480C-850D-83FD69A987F6-300x235.jpeg 300w, https:\/\/vicalvarodental.com\/wp-content\/uploads\/2021\/09\/E7B9CC8F-57A2-480C-850D-83FD69A987F6-600x471.jpeg 600w, https:\/\/vicalvarodental.com\/wp-content\/uploads\/2021\/09\/E7B9CC8F-57A2-480C-850D-83FD69A987F6.jpeg 612w\" sizes=\"(max-width: 207px) 100vw, 207px\" \/><\/td>\n<td style=\"width: 50%; height: 23px;\"><\/td>\n<\/tr>\n<\/tbody>\n<\/table>\n<p>&nbsp;<\/p>\n","protected":false},"excerpt":{"rendered":"<p>Es la \u00faltima opci\u00f3n antes de que el paciente pierda su propia pieza dental. Se conoce como la especialidad de la odontolog\u00eda dedicada a la prevenci\u00f3n, diagn\u00f3stico y tratamiento de las enfermedades de la pulpa dental (nervio). La pulpa dental es un tejido existente dentro del diente que contiene los nervios y los vasos sangu\u00edneos [&hellip;]<\/p>\n","protected":false},"author":1,"featured_media":0,"parent":0,"menu_order":0,"comment_status":"closed","ping_status":"closed","template":"","meta":[],"_links":{"self":[{"href":"https:\/\/vicalvarodental.com\/index.php\/wp-json\/wp\/v2\/pages\/409"}],"collection":[{"href":"https:\/\/vicalvarodental.com\/index.php\/wp-json\/wp\/v2\/pages"}],"about":[{"href":"https:\/\/vicalvarodental.com\/index.php\/wp-json\/wp\/v2\/types\/page"}],"author":[{"embeddable":true,"href":"https:\/\/vicalvarodental.com\/index.php\/wp-json\/wp\/v2\/users\/1"}],"replies":[{"embeddable":true,"href":"https:\/\/vicalvarodental.com\/index.php\/wp-json\/wp\/v2\/comments?post=409"}],"version-history":[{"count":5,"href":"https:\/\/vicalvarodental.com\/index.php\/wp-json\/wp\/v2\/pages\/409\/revisions"}],"predecessor-version":[{"id":554,"href":"https:\/\/vicalvarodental.com\/index.php\/wp-json\/wp\/v2\/pages\/409\/revisions\/554"}],"wp:attachment":[{"href":"https:\/\/vicalvarodental.com\/index.php\/wp-json\/wp\/v2\/media?parent=409"}],"curies":[{"name":"wp","href":"https:\/\/api.w.org\/{rel}","templated":true}]}}