{"id":406,"date":"2020-12-17T12:13:38","date_gmt":"2020-12-17T12:13:38","guid":{"rendered":"http:\/\/vicalvarodental.com\/wp\/?page_id=406"},"modified":"2020-12-17T12:13:46","modified_gmt":"2020-12-17T12:13:46","slug":"odontopediatria","status":"publish","type":"page","link":"https:\/\/vicalvarodental.com\/index.php\/odontopediatria\/","title":{"rendered":"Odontopediatr\u00eda"},"content":{"rendered":"<p style=\"text-align: left;\"><span style=\"color: #8f8888;\">Ponemos especial atenci\u00f3n en\u00a0<strong>ense\u00f1arles la t\u00e9cnica adecuada de cepillado<\/strong>, as\u00ed como\u00a0<strong>motivarles <\/strong>para que cada vez que vengan a visitarnos sea\u00a0<strong>una experiencia agradable<\/strong>\u00a0para ellos.<\/span><\/p>\n<p style=\"text-align: left;\"><span style=\"color: #8f8888;\">Seg\u00fan la Sociedad Espa\u00f1ola de Odontopediatr\u00eda, <strong>el\u00a0 control odontol\u00f3gico de los dientes de leche<\/strong>, es fundamental que se realice\u00a0<strong>a partir de<\/strong>\u00a0<strong>los 3 a\u00f1os de edad<\/strong>.\u00a0 Algunos de los tratamientos m\u00e1s habituales:<\/span><\/p>\n<p style=\"text-align: left;\"><span style=\"color: #8f8888;\">-EDUCACI\u00d3N BUCAL. T\u00e9cnicas de cepillado e higiene bucal para que los ni\u00f1os adquieran buenos h\u00e1bitos.<\/span><br \/>\n<span style=\"color: #8f8888;\">-SELLADO DE FISURAS. M\u00e9todo preventivo similar al empaste que nos ayudar\u00e1 a detener la caries.<\/span><br \/>\n<span style=\"color: #8f8888;\">-ORTODONCIA INFANTIL. Para corregir las malposiciones de los dientes.<\/span><br \/>\n<span style=\"color: #8f8888;\">-APLICACIONES DE FL\u00daOR. Previene la aparici\u00f3n de caries dental en los ni\u00f1os.<\/span><br \/>\n<span style=\"color: #8f8888;\">-EXTRACCI\u00d3N DIENTES DE LECHE. En ocasiones es necesaria la intervenci\u00f3n del dentista para terminar de remover alg\u00fan diente de leche y as\u00ed dejar paso al definitivo.<\/span><br \/>\n<span style=\"color: #8f8888;\">-PROTECTOR BUCAL DEPORTE. Previene de golpes y lesiones dentales durante las actividades deportivas.<\/span><\/p>\n","protected":false},"excerpt":{"rendered":"<p>Ponemos especial atenci\u00f3n en\u00a0ense\u00f1arles la t\u00e9cnica adecuada de cepillado, as\u00ed como\u00a0motivarles para que cada vez que vengan a visitarnos sea\u00a0una experiencia agradable\u00a0para ellos. Seg\u00fan la Sociedad Espa\u00f1ola de Odontopediatr\u00eda, el\u00a0 control odontol\u00f3gico de los dientes de leche, es fundamental que se realice\u00a0a partir de\u00a0los 3 a\u00f1os de edad.\u00a0 Algunos de los tratamientos m\u00e1s habituales: -EDUCACI\u00d3N [&hellip;]<\/p>\n","protected":false},"author":1,"featured_media":0,"parent":0,"menu_order":0,"comment_status":"closed","ping_status":"closed","template":"","meta":[],"_links":{"self":[{"href":"https:\/\/vicalvarodental.com\/index.php\/wp-json\/wp\/v2\/pages\/406"}],"collection":[{"href":"https:\/\/vicalvarodental.com\/index.php\/wp-json\/wp\/v2\/pages"}],"about":[{"href":"https:\/\/vicalvarodental.com\/index.php\/wp-json\/wp\/v2\/types\/page"}],"author":[{"embeddable":true,"href":"https:\/\/vicalvarodental.com\/index.php\/wp-json\/wp\/v2\/users\/1"}],"replies":[{"embeddable":true,"href":"https:\/\/vicalvarodental.com\/index.php\/wp-json\/wp\/v2\/comments?post=406"}],"version-history":[{"count":1,"href":"https:\/\/vicalvarodental.com\/index.php\/wp-json\/wp\/v2\/pages\/406\/revisions"}],"predecessor-version":[{"id":408,"href":"https:\/\/vicalvarodental.com\/index.php\/wp-json\/wp\/v2\/pages\/406\/revisions\/408"}],"wp:attachment":[{"href":"https:\/\/vicalvarodental.com\/index.php\/wp-json\/wp\/v2\/media?parent=406"}],"curies":[{"name":"wp","href":"https:\/\/api.w.org\/{rel}","templated":true}]}}