{"id":403,"date":"2020-12-17T12:13:06","date_gmt":"2020-12-17T12:13:06","guid":{"rendered":"http:\/\/vicalvarodental.com\/wp\/?page_id=403"},"modified":"2021-09-30T07:40:51","modified_gmt":"2021-09-30T07:40:51","slug":"ortodoncia","status":"publish","type":"page","link":"https:\/\/vicalvarodental.com\/index.php\/ortodoncia\/","title":{"rendered":"Ortodoncia"},"content":{"rendered":"<p>&nbsp;<\/p>\n<table style=\"border-collapse: collapse; width: 100%;\" border=\"0\">\n<tbody>\n<tr>\n<td style=\"width: 47.9702%;\">\n<p style=\"text-align: left;\"><span style=\"color: #8f8888;\">La\u00a0<strong>ortodoncia<\/strong> es la especialidad de la Odontolog\u00eda que trata de corregir las malposiciones y maloclusiones de los dientes y de los huesos maxilares.<\/span><\/p>\n<p style=\"text-align: left;\"><span style=\"color: #8f8888;\">Es importante realizar un buen diagn\u00f3stico para poder realizar un correcto tratamiento, para ello es necesario realizar un plan de tratamiento junto al paciente personalizado que incluye:<\/span><\/p>\n<p style=\"text-align: left;\"><span style=\"color: #8f8888;\"><strong>1 &#8211;<em>historia cl\u00ednica.<\/em>\u00a02 &#8211;<em>\u00a0Exploraci\u00f3n cl\u00ednica.<\/em>\u00a03 &#8211;\u00a0<em>Fotograf\u00edas. <\/em><\/strong><strong>4 &#8211;<em>\u00a0Radiograf\u00edas.\u00a0<\/em>\u00a0<\/strong><\/span><\/p>\n<p style=\"text-align: left;\"><span style=\"color: #8f8888;\"><strong>5 &#8211;\u00a0<em>Estudio ortod\u00f3ntico.\u00a0 5.1 Estudio cefalom\u00e9trico. <\/em>\u00a05.2-<em>\u00a0Estudio de modelos.<\/em><\/strong><\/span><\/p>\n<\/td>\n<td style=\"width: 52.0298%;\"><img loading=\"lazy\" class=\" wp-image-635 aligncenter\" src=\"http:\/\/vicalvarodental.com\/wp\/wp-content\/uploads\/2021\/09\/tipos-de-mordida-300x225.png\" alt=\"\" width=\"354\" height=\"265\" srcset=\"https:\/\/vicalvarodental.com\/wp-content\/uploads\/2021\/09\/tipos-de-mordida-300x225.png 300w, https:\/\/vicalvarodental.com\/wp-content\/uploads\/2021\/09\/tipos-de-mordida-600x450.png 600w, https:\/\/vicalvarodental.com\/wp-content\/uploads\/2021\/09\/tipos-de-mordida.png 650w\" sizes=\"(max-width: 354px) 100vw, 354px\" \/><\/td>\n<\/tr>\n<tr>\n<td style=\"width: 47.9702%;\">\n<p style=\"text-align: left;\"><span style=\"color: #8f8888;\">Una vez realizado el diagn\u00f3stico ofrecemos a nuestros pacientes las diferentes t\u00e9cnicas de Ortodoncia\u00a0 que podemos utilizar para alcanzar el objetivo deseado de cada paciente:<\/span><\/p>\n<p style=\"text-align: left;\"><span style=\"color: #8f8888;\">-ORTODONCIA INVISIBLE: con f\u00e9rulas secuenciadas,\u00a0 es un sistema de f\u00e9rulas de quitar y poner para corregir malposiciones dentarias.<\/span><\/p>\n<p style=\"text-align: left;\"><span style=\"color: #8f8888;\">-BRACKETS MET\u00c1LICOS<\/span><\/p>\n<p style=\"text-align: left;\"><span style=\"color: #8f8888;\">-BRACKTES EST\u00c9TICOS: alternativa a los brackets met\u00e1licos<\/span><\/p>\n<p style=\"text-align: left;\"><span style=\"color: #8f8888;\">-ORTODONCIA LINGUAL: totalmente invisible y est\u00e9tica debido a que la colocaci\u00f3n de los brackets es en la cara lingual de los dientes. Nadie notar\u00e1 que llevas ortodoncia.<\/span><\/p>\n<p style=\"text-align: left;\"><span style=\"color: #8f8888;\">-BRACKETS\u00a0 AUTOLIGABLES: mediante fuerzas m\u00e1s ligeras facilitan el movimiento dentario.<\/span><\/p>\n<p style=\"text-align: left;\"><span style=\"color: #8f8888;\">-TRATAMIENTOS INTERCEPTIVOS: para evitar problemas maloclusales de pacientes en crecimiento.<\/span><\/p>\n<\/td>\n<td style=\"width: 52.0298%;\"><img loading=\"lazy\" class=\" wp-image-634 aligncenter\" src=\"http:\/\/vicalvarodental.com\/wp\/wp-content\/uploads\/2021\/09\/tipos-de-ortodoncia-300x130.jpg\" alt=\"\" width=\"406\" height=\"176\" srcset=\"https:\/\/vicalvarodental.com\/wp-content\/uploads\/2021\/09\/tipos-de-ortodoncia-300x130.jpg 300w, https:\/\/vicalvarodental.com\/wp-content\/uploads\/2021\/09\/tipos-de-ortodoncia-600x261.jpg 600w, https:\/\/vicalvarodental.com\/wp-content\/uploads\/2021\/09\/tipos-de-ortodoncia-1024x445.jpg 1024w, https:\/\/vicalvarodental.com\/wp-content\/uploads\/2021\/09\/tipos-de-ortodoncia-768x334.jpg 768w, https:\/\/vicalvarodental.com\/wp-content\/uploads\/2021\/09\/tipos-de-ortodoncia-1536x667.jpg 1536w, https:\/\/vicalvarodental.com\/wp-content\/uploads\/2021\/09\/tipos-de-ortodoncia.jpg 1920w\" sizes=\"(max-width: 406px) 100vw, 406px\" \/><\/td>\n<\/tr>\n<\/tbody>\n<\/table>\n<p style=\"text-align: left;\">\n","protected":false},"excerpt":{"rendered":"<p>&nbsp; La\u00a0ortodoncia es la especialidad de la Odontolog\u00eda que trata de corregir las malposiciones y maloclusiones de los dientes y de los huesos maxilares. Es importante realizar un buen diagn\u00f3stico para poder realizar un correcto tratamiento, para ello es necesario realizar un plan de tratamiento junto al paciente personalizado que incluye: 1 &#8211;historia cl\u00ednica.\u00a02 &#8211;\u00a0Exploraci\u00f3n [&hellip;]<\/p>\n","protected":false},"author":1,"featured_media":0,"parent":0,"menu_order":0,"comment_status":"closed","ping_status":"closed","template":"","meta":[],"_links":{"self":[{"href":"https:\/\/vicalvarodental.com\/index.php\/wp-json\/wp\/v2\/pages\/403"}],"collection":[{"href":"https:\/\/vicalvarodental.com\/index.php\/wp-json\/wp\/v2\/pages"}],"about":[{"href":"https:\/\/vicalvarodental.com\/index.php\/wp-json\/wp\/v2\/types\/page"}],"author":[{"embeddable":true,"href":"https:\/\/vicalvarodental.com\/index.php\/wp-json\/wp\/v2\/users\/1"}],"replies":[{"embeddable":true,"href":"https:\/\/vicalvarodental.com\/index.php\/wp-json\/wp\/v2\/comments?post=403"}],"version-history":[{"count":5,"href":"https:\/\/vicalvarodental.com\/index.php\/wp-json\/wp\/v2\/pages\/403\/revisions"}],"predecessor-version":[{"id":640,"href":"https:\/\/vicalvarodental.com\/index.php\/wp-json\/wp\/v2\/pages\/403\/revisions\/640"}],"wp:attachment":[{"href":"https:\/\/vicalvarodental.com\/index.php\/wp-json\/wp\/v2\/media?parent=403"}],"curies":[{"name":"wp","href":"https:\/\/api.w.org\/{rel}","templated":true}]}}