{"id":400,"date":"2020-12-17T12:11:34","date_gmt":"2020-12-17T12:11:34","guid":{"rendered":"http:\/\/vicalvarodental.com\/wp\/?page_id=400"},"modified":"2021-09-29T18:06:32","modified_gmt":"2021-09-29T18:06:32","slug":"periodoncia","status":"publish","type":"page","link":"https:\/\/vicalvarodental.com\/index.php\/periodoncia\/","title":{"rendered":"Periodoncia"},"content":{"rendered":"<table style=\"border-collapse: collapse; width: 100%;\" border=\"0\">\n<tbody>\n<tr>\n<td style=\"width: 100%;\">\n<p style=\"text-align: left;\"><span style=\"color: #8f8888;\">La periodoncia es una especialidad de la odontolog\u00eda que se dedica a la<strong>\u00a0prevenci\u00f3n, diagn\u00f3stico y tratamiento de las enfermedades de las enc\u00edas<\/strong> y los tejidos de soporte de los dientes. El signo m\u00e1s frecuente con el que cursa esta enfermedad es la inflamaci\u00f3n, enrojecimiento y sangrado al cepillar, as\u00ed como\u00a0retracci\u00f3n de las enc\u00edas, movilidad o separaci\u00f3n de dientes, dientes m\u00e1s largos, mal aliento\u2026<\/span><\/p>\n<p style=\"text-align: left;\"><span style=\"color: #8f8888;\">Es muy importante realizar un diagn\u00f3stico precoz y as\u00ed poder <strong>tratar lo antes posible<\/strong> este tipo de patolog\u00edas ya que su evoluci\u00f3n conlleva una destrucci\u00f3n del hueso que soporta los dientes.<\/span><\/p>\n<p style=\"text-align: left;\"><span style=\"color: #8f8888;\">Dentro de la enfermedad de las enc\u00edas existen\u00a0<strong>dos fases<\/strong>:<\/span><\/p>\n<ul style=\"text-align: left;\">\n<li><span style=\"color: #8f8888;\"><em><strong>Gingivitis<\/strong>:<\/em> Es la inflamaci\u00f3n superficial de la enc\u00eda. Su principal se\u00f1al de alerta es el sangrado y si no se trata con una limpieza profesional y una adecuada higiene oral puede progresar hacia la periodontitis.<\/span><\/li>\n<li><span style=\"color: #8f8888;\"><em><strong>Periodontitis<\/strong>:<\/em> Es la inflamaci\u00f3n profunda de la enc\u00eda y el resto de tejidos que sujetan al diente. Puede estar focalizado en algunas zonas o afectar a toda la boca. Si no se trata puede provocar la p\u00e9rdida dental.<\/span><\/li>\n<\/ul>\n<\/td>\n<\/tr>\n<tr>\n<td style=\"width: 100%;\">\n<p>&nbsp;<\/p>\n<p><img loading=\"lazy\" class=\" wp-image-623 aligncenter\" src=\"http:\/\/vicalvarodental.com\/wp\/wp-content\/uploads\/2021\/09\/1200x800_periodoncia_1-300x108.jpg\" alt=\"\" width=\"461\" height=\"166\" srcset=\"https:\/\/vicalvarodental.com\/wp-content\/uploads\/2021\/09\/1200x800_periodoncia_1-300x108.jpg 300w, https:\/\/vicalvarodental.com\/wp-content\/uploads\/2021\/09\/1200x800_periodoncia_1-600x215.jpg 600w, https:\/\/vicalvarodental.com\/wp-content\/uploads\/2021\/09\/1200x800_periodoncia_1.jpg 700w\" sizes=\"(max-width: 461px) 100vw, 461px\" \/><\/p>\n<div class=\"mceTemp\"><\/div>\n<\/td>\n<\/tr>\n<\/tbody>\n<\/table>\n<table style=\"border-collapse: collapse; width: 100.812%; height: 872px;\" border=\"0\">\n<tbody>\n<tr style=\"height: 862px;\">\n<td style=\"width: 100%; height: 862px;\">\n<table style=\"border-collapse: collapse; width: 100%;\" border=\"0\">\n<tbody>\n<tr style=\"height: 24px;\">\n<td style=\"width: 60.5264%; height: 24px;\">\n<p style=\"text-align: left;\"><span style=\"color: #8f8888;\"><em>SIGNOS Y S\u00cdNTOMAS:<\/em><\/span><\/p>\n<p style=\"text-align: left;\"><span style=\"color: #8f8888;\">&#8211;\u00a0<strong>INFLAMACI\u00d3N<\/strong>\u00a0y enrojecimiento de las enc\u00edas.<\/span><\/p>\n<p style=\"text-align: left;\"><span style=\"color: #8f8888;\">&#8211;\u00a0<strong>SANGRADO<\/strong>\u00a0de las enc\u00edas.<\/span><\/p>\n<p style=\"text-align: left;\"><span style=\"color: #8f8888;\">&#8211;\u00a0Mal aliento o\u00a0<strong>HALITOSIS<\/strong>.<\/span><\/p>\n<p style=\"text-align: left;\"><span style=\"color: #8f8888;\">&#8211;\u00a0En casos avanzados\u00a0<strong>MOVILIDAD DENTARIA.<\/strong><\/span><\/p>\n<p style=\"text-align: left;\"><span style=\"color: #8f8888;\">&#8211;\u00a0Puede aparecer\u00a0<strong>PUS<\/strong>\u00a0entre diente y enc\u00eda.<\/span><\/p>\n<p style=\"text-align: left;\"><span style=\"color: #8f8888;\">El raspado y alisado radicular es uno de los principales tratamientos periodontales, gracias al cual\u00a0se eliminan los agentes que causan la inflamaci\u00f3n\u00a0en las enc\u00edas. Consiste en\u00a0eliminar el sarro (c\u00e1lculo) y la placa bacteriana de la superficie de los dientes\u00a0y debajo de la l\u00ednea de la enc\u00eda. Asimismo, se realiza un cuidadoso raspado de la ra\u00edz del diente para reducir la inflamaci\u00f3n.<\/span><\/p>\n<p style=\"text-align: left;\"><span style=\"color: #8f8888;\">Uno de los\u00a0signos m\u00e1s comunes de la enfermedad periodontal es la halitosis o mal aliento. Gracias a este tratamiento tambi\u00e9n mejoraremos esta condici\u00f3n.<\/span><\/p>\n<p style=\"text-align: left;\"><span style=\"color: #8f8888;\">La enfermedad periodontal es cr\u00f3nica, pero gracias a un adecuado tratamiento evitaremos la p\u00e9rdida de dientes. Por ello, es muy importante que el paciente periodontal acuda a revisiones de control.<\/span><\/p>\n<p style=\"text-align: left;\"><span style=\"color: #8f8888;\">Para evitar la progresi\u00f3n de la enfermedad es fundamental la\u00a0<strong>detecci\u00f3n precoz<\/strong> y visitar al dentista siempre que exista sangrado de enc\u00edas.<\/span><\/p>\n<\/td>\n<td style=\"width: 39.4736%; height: 24px;\"><img loading=\"lazy\" class=\"size-thumbnail wp-image-625 aligncenter\" src=\"http:\/\/vicalvarodental.com\/wp\/wp-content\/uploads\/2021\/09\/curetaje-dental-200x300.jpg\" alt=\"\" width=\"200\" height=\"300\" srcset=\"https:\/\/vicalvarodental.com\/wp-content\/uploads\/2021\/09\/curetaje-dental-200x300.jpg 200w, https:\/\/vicalvarodental.com\/wp-content\/uploads\/2021\/09\/curetaje-dental.jpg 400w\" sizes=\"(max-width: 200px) 100vw, 200px\" \/><\/td>\n<\/tr>\n<\/tbody>\n<\/table>\n<p style=\"text-align: left;\">\n<\/td>\n<\/tr>\n<\/tbody>\n<\/table>\n<p>&nbsp;<\/p>\n","protected":false},"excerpt":{"rendered":"<p>La periodoncia es una especialidad de la odontolog\u00eda que se dedica a la\u00a0prevenci\u00f3n, diagn\u00f3stico y tratamiento de las enfermedades de las enc\u00edas y los tejidos de soporte de los dientes. El signo m\u00e1s frecuente con el que cursa esta enfermedad es la inflamaci\u00f3n, enrojecimiento y sangrado al cepillar, as\u00ed como\u00a0retracci\u00f3n de las enc\u00edas, movilidad o [&hellip;]<\/p>\n","protected":false},"author":1,"featured_media":0,"parent":0,"menu_order":0,"comment_status":"closed","ping_status":"closed","template":"","meta":[],"_links":{"self":[{"href":"https:\/\/vicalvarodental.com\/index.php\/wp-json\/wp\/v2\/pages\/400"}],"collection":[{"href":"https:\/\/vicalvarodental.com\/index.php\/wp-json\/wp\/v2\/pages"}],"about":[{"href":"https:\/\/vicalvarodental.com\/index.php\/wp-json\/wp\/v2\/types\/page"}],"author":[{"embeddable":true,"href":"https:\/\/vicalvarodental.com\/index.php\/wp-json\/wp\/v2\/users\/1"}],"replies":[{"embeddable":true,"href":"https:\/\/vicalvarodental.com\/index.php\/wp-json\/wp\/v2\/comments?post=400"}],"version-history":[{"count":9,"href":"https:\/\/vicalvarodental.com\/index.php\/wp-json\/wp\/v2\/pages\/400\/revisions"}],"predecessor-version":[{"id":632,"href":"https:\/\/vicalvarodental.com\/index.php\/wp-json\/wp\/v2\/pages\/400\/revisions\/632"}],"wp:attachment":[{"href":"https:\/\/vicalvarodental.com\/index.php\/wp-json\/wp\/v2\/media?parent=400"}],"curies":[{"name":"wp","href":"https:\/\/api.w.org\/{rel}","templated":true}]}}