{"id":396,"date":"2020-12-17T12:10:16","date_gmt":"2020-12-17T12:10:16","guid":{"rendered":"http:\/\/vicalvarodental.com\/wp\/?page_id=396"},"modified":"2021-09-29T14:51:07","modified_gmt":"2021-09-29T14:51:07","slug":"protesis","status":"publish","type":"page","link":"https:\/\/vicalvarodental.com\/index.php\/protesis\/","title":{"rendered":"Pr\u00f3tesis"},"content":{"rendered":"<table style=\"border-collapse: collapse; width: 100%;\" border=\"0\">\n<tbody>\n<tr>\n<td style=\"width: 50.2706%;\">\n<h3 style=\"text-align: left;\"><strong><span style=\"color: #3366ff;\">Pr\u00f3tesis parcial removible<\/span><\/strong><\/h3>\n<\/td>\n<td style=\"width: 49.7294%;\"><\/td>\n<\/tr>\n<tr>\n<td style=\"width: 50.2706%;\">\n<p style=\"text-align: left;\"><span style=\"color: #8f8888;\">Se realizan cuando el paciente tiene AUSENCIAS DE DIENTES.<\/span><\/p>\n<p style=\"text-align: left;\"><span style=\"color: #8f8888;\">Suelen ser:<\/span><\/p>\n<ul style=\"text-align: left;\">\n<li class=\"icon-b icon-b \" style=\"text-align: left;\" data-icon=\"\ue258\"><span style=\"color: #8f8888;\"><em><strong>Esquel\u00e9ticos:<\/strong>\u00a0<\/em>estructuras de metal y dientes de resina.<\/span><\/li>\n<li class=\"icon-b icon-b \" style=\"text-align: left;\" data-icon=\"\ue258\"><span style=\"color: #8f8888;\"><em><strong>Pr\u00f3tesis parciales de resina:<\/strong>\u00a0<\/em>Estructuras de resina con retenedores met\u00e1licos.<\/span><\/li>\n<li class=\"icon-b icon-b \" style=\"text-align: left;\" data-icon=\"\ue258\"><span style=\"color: #8f8888;\"><em><strong>Pr\u00f3tesis removibles:<\/strong>\u00a0<\/em>son muy est\u00e9ticas y tienen un color muy parecido a la enc\u00eda.<\/span><\/li>\n<\/ul>\n<\/td>\n<td style=\"width: 49.7294%;\"><img loading=\"lazy\" class=\"size-thumbnail wp-image-612 aligncenter\" src=\"http:\/\/vicalvarodental.com\/wp\/wp-content\/uploads\/2021\/09\/tipos_de_protesis_dentales-300x200.png\" alt=\"\" width=\"300\" height=\"200\" srcset=\"https:\/\/vicalvarodental.com\/wp-content\/uploads\/2021\/09\/tipos_de_protesis_dentales-300x200.png 300w, https:\/\/vicalvarodental.com\/wp-content\/uploads\/2021\/09\/tipos_de_protesis_dentales-600x399.png 600w, https:\/\/vicalvarodental.com\/wp-content\/uploads\/2021\/09\/tipos_de_protesis_dentales.png 640w\" sizes=\"(max-width: 300px) 100vw, 300px\" \/><\/td>\n<\/tr>\n<\/tbody>\n<\/table>\n<h3><\/h3>\n<table style=\"border-collapse: collapse; width: 100%;\" border=\"0\">\n<tbody>\n<tr>\n<td style=\"width: 50%;\">\n<h3 style=\"text-align: left;\"><span style=\"color: #3366ff;\"><strong>Pr\u00f3tesis fija<\/strong><\/span><\/h3>\n<\/td>\n<td style=\"width: 50%;\"><\/td>\n<\/tr>\n<tr>\n<td style=\"width: 50%;\">\n<p style=\"text-align: left;\"><span style=\"color: #8f8888;\">Son pr\u00f3tesis que toman como \u00fanico apoyo los dientes, que previamente han sido tallados para poder cementar y asentar la pr\u00f3tesis.<\/span><\/p>\n<p style=\"text-align: left;\"><span style=\"color: #8f8888;\">Se pueden utilizar:<\/span><\/p>\n<ul style=\"text-align: left;\">\n<li class=\"icon-b icon-b \" data-icon=\"\ue258\"><span style=\"color: #8f8888;\"><em><strong>Coronas metal-porcelana:<\/strong><\/em>\u00a0Es una soluci\u00f3n muy c\u00f3moda y cl\u00e1sica.<\/span><\/li>\n<li data-icon=\"\ue258\"><span style=\"color: #8f8888;\"><em><strong>Carillas<\/strong><\/em><\/span><\/li>\n<li class=\"icon-b icon-b \" data-icon=\"\ue258\"><span style=\"color: #8f8888;\"><em><strong>Coronas totalmente cer\u00e1mica:<\/strong> <\/em>Se realizan con la tecnolog\u00eda informatizada CAD\/CAM,\u00a0 a partir de un dise\u00f1o digital se realiza una estructura\u00a0 que presenta muchas ventajas frente a las opciones m\u00e1s tradicionales.<\/span><\/li>\n<\/ul>\n<\/td>\n<td style=\"width: 50%;\"><img loading=\"lazy\" class=\"size-thumbnail wp-image-616 aligncenter\" src=\"http:\/\/vicalvarodental.com\/wp\/wp-content\/uploads\/2021\/09\/protesis-fija-info1-300x231.jpg\" alt=\"\" width=\"300\" height=\"231\" srcset=\"https:\/\/vicalvarodental.com\/wp-content\/uploads\/2021\/09\/protesis-fija-info1-300x231.jpg 300w, https:\/\/vicalvarodental.com\/wp-content\/uploads\/2021\/09\/protesis-fija-info1-600x461.jpg 600w, https:\/\/vicalvarodental.com\/wp-content\/uploads\/2021\/09\/protesis-fija-info1-768x590.jpg 768w, https:\/\/vicalvarodental.com\/wp-content\/uploads\/2021\/09\/protesis-fija-info1.jpg 800w\" sizes=\"(max-width: 300px) 100vw, 300px\" \/><\/td>\n<\/tr>\n<\/tbody>\n<\/table>\n<h3><\/h3>\n<table style=\"border-collapse: collapse; width: 100.135%; height: 245px;\" border=\"0\">\n<tbody>\n<tr style=\"height: 65px;\">\n<td style=\"width: 50%; height: 65px;\">\n<h3 style=\"text-align: left;\"><span style=\"color: #3366ff;\"><strong>P<\/strong><strong>r\u00f3tesis sobre implantes<\/strong><\/span><\/h3>\n<\/td>\n<td style=\"width: 50%; height: 65px;\"><\/td>\n<\/tr>\n<tr style=\"height: 98px;\">\n<td style=\"width: 50%; height: 98px;\"><span style=\"color: #8f8888;\">Esta opci\u00f3n de tratamiento es aquella mediante la cual los dientes que reponemos van fijados y soportados sobre implantes.<\/span><\/td>\n<td style=\"width: 50%; height: 98px;\"><img loading=\"lazy\" class=\" wp-image-611 aligncenter\" src=\"http:\/\/vicalvarodental.com\/wp\/wp-content\/uploads\/2021\/09\/protesis-dentales-alodental-barcelona-horta-300x98.jpg\" alt=\"\" width=\"349\" height=\"114\" srcset=\"https:\/\/vicalvarodental.com\/wp-content\/uploads\/2021\/09\/protesis-dentales-alodental-barcelona-horta-300x98.jpg 300w, https:\/\/vicalvarodental.com\/wp-content\/uploads\/2021\/09\/protesis-dentales-alodental-barcelona-horta-600x196.jpg 600w, https:\/\/vicalvarodental.com\/wp-content\/uploads\/2021\/09\/protesis-dentales-alodental-barcelona-horta.jpg 623w\" sizes=\"(max-width: 349px) 100vw, 349px\" \/><\/td>\n<\/tr>\n<\/tbody>\n<\/table>\n<p style=\"text-align: left;\">\n","protected":false},"excerpt":{"rendered":"<p>Pr\u00f3tesis parcial removible Se realizan cuando el paciente tiene AUSENCIAS DE DIENTES. Suelen ser: Esquel\u00e9ticos:\u00a0estructuras de metal y dientes de resina. Pr\u00f3tesis parciales de resina:\u00a0Estructuras de resina con retenedores met\u00e1licos. Pr\u00f3tesis removibles:\u00a0son muy est\u00e9ticas y tienen un color muy parecido a la enc\u00eda. Pr\u00f3tesis fija Son pr\u00f3tesis que toman como \u00fanico apoyo los dientes, que [&hellip;]<\/p>\n","protected":false},"author":1,"featured_media":0,"parent":0,"menu_order":0,"comment_status":"closed","ping_status":"closed","template":"","meta":[],"_links":{"self":[{"href":"https:\/\/vicalvarodental.com\/index.php\/wp-json\/wp\/v2\/pages\/396"}],"collection":[{"href":"https:\/\/vicalvarodental.com\/index.php\/wp-json\/wp\/v2\/pages"}],"about":[{"href":"https:\/\/vicalvarodental.com\/index.php\/wp-json\/wp\/v2\/types\/page"}],"author":[{"embeddable":true,"href":"https:\/\/vicalvarodental.com\/index.php\/wp-json\/wp\/v2\/users\/1"}],"replies":[{"embeddable":true,"href":"https:\/\/vicalvarodental.com\/index.php\/wp-json\/wp\/v2\/comments?post=396"}],"version-history":[{"count":10,"href":"https:\/\/vicalvarodental.com\/index.php\/wp-json\/wp\/v2\/pages\/396\/revisions"}],"predecessor-version":[{"id":621,"href":"https:\/\/vicalvarodental.com\/index.php\/wp-json\/wp\/v2\/pages\/396\/revisions\/621"}],"wp:attachment":[{"href":"https:\/\/vicalvarodental.com\/index.php\/wp-json\/wp\/v2\/media?parent=396"}],"curies":[{"name":"wp","href":"https:\/\/api.w.org\/{rel}","templated":true}]}}