{"id":390,"date":"2020-12-17T12:05:00","date_gmt":"2020-12-17T12:05:00","guid":{"rendered":"http:\/\/vicalvarodental.com\/wp\/?page_id=390"},"modified":"2021-11-17T22:23:12","modified_gmt":"2021-11-17T22:23:12","slug":"implantologia","status":"publish","type":"page","link":"https:\/\/vicalvarodental.com\/index.php\/implantologia\/","title":{"rendered":"Implantolog\u00eda"},"content":{"rendered":"<table style=\"border-collapse: collapse; width: 100%; height: 425px;\" border=\"0\">\n<tbody>\n<tr>\n<td style=\"width: 100%;\">\n<table style=\"width: 100%; border-collapse: collapse; border-color: #fcfcfc;\" border=\"0\">\n<tbody>\n<tr>\n<td style=\"width: 730px;\">\n<p style=\"text-align: left;\"><span style=\"color: #8f8888;\">Sin duda la mejor elecci\u00f3n para tratar la ausencia de las piezas dentales, ya que su avanzado dise\u00f1o nos brinda un gran abanico de posibilidades que se adaptan a las necesidades de cada paciente.<\/span><\/p>\n<p style=\"text-align: left;\"><span style=\"color: #8f8888;\"><strong>*\u00a0<\/strong>Es la opci\u00f3n m\u00e1s conservadora, pues la pr\u00f3tesis va unida al hueso, y no a otros dientes.<\/span><br \/>\n<span style=\"color: #8f8888;\"><strong>*<\/strong>\u00a0La confortabilidad y la capacidad masticatoria es similar a los dientes naturales.<\/span><br \/>\n<span style=\"color: #8f8888;\"><strong>*<\/strong>\u00a0Evita la p\u00e9rdida \u00f3sea al conservar la funci\u00f3n sobre el hueso y evita el deterioro de los dientes adyacentes, preservando no solo la est\u00e9tica dental sino la facial.<\/span><br \/>\n<span style=\"color: #8f8888;\"><strong>*<\/strong> La duraci\u00f3n de los implantes lo definen como la soluci\u00f3n de mayor durabilidad.<\/span><\/p>\n<table style=\"border-collapse: collapse; width: 100%;\" border=\"0\">\n<tbody>\n<tr>\n<td style=\"width: 50%;\"><img loading=\"lazy\" class=\"alignright wp-image-504 size-full\" src=\"http:\/\/vicalvarodental.com\/wp-content\/uploads\/2021\/09\/IMPLANTE4.png\" alt=\"\" width=\"293\" height=\"211\" \/><\/td>\n<td style=\"width: 50%;\"><img loading=\"lazy\" class=\"alignright wp-image-499 size-thumbnail\" style=\"font-family: inherit; font-size: inherit;\" src=\"http:\/\/vicalvarodental.com\/wp-content\/uploads\/2021\/09\/IMPLANTE2-300x200.jpg\" alt=\"\" width=\"300\" height=\"200\" srcset=\"https:\/\/vicalvarodental.com\/wp-content\/uploads\/2021\/09\/IMPLANTE2-300x200.jpg 300w, https:\/\/vicalvarodental.com\/wp-content\/uploads\/2021\/09\/IMPLANTE2-600x400.jpg 600w, https:\/\/vicalvarodental.com\/wp-content\/uploads\/2021\/09\/IMPLANTE2-1024x683.jpg 1024w, https:\/\/vicalvarodental.com\/wp-content\/uploads\/2021\/09\/IMPLANTE2-768x513.jpg 768w, https:\/\/vicalvarodental.com\/wp-content\/uploads\/2021\/09\/IMPLANTE2.jpg 1323w\" sizes=\"(max-width: 300px) 100vw, 300px\" \/><\/td>\n<\/tr>\n<\/tbody>\n<\/table>\n<p>&nbsp;<\/td>\n<td style=\"width: 0px;\"><\/td>\n<\/tr>\n<\/tbody>\n<\/table>\n<\/td>\n<\/tr>\n<\/tbody>\n<\/table>\n<p style=\"text-align: left;\">\n","protected":false},"excerpt":{"rendered":"<p>Sin duda la mejor elecci\u00f3n para tratar la ausencia de las piezas dentales, ya que su avanzado dise\u00f1o nos brinda un gran abanico de posibilidades que se adaptan a las necesidades de cada paciente. *\u00a0Es la opci\u00f3n m\u00e1s conservadora, pues la pr\u00f3tesis va unida al hueso, y no a otros dientes. *\u00a0La confortabilidad y la [&hellip;]<\/p>\n","protected":false},"author":1,"featured_media":0,"parent":0,"menu_order":0,"comment_status":"closed","ping_status":"closed","template":"","meta":[],"_links":{"self":[{"href":"https:\/\/vicalvarodental.com\/index.php\/wp-json\/wp\/v2\/pages\/390"}],"collection":[{"href":"https:\/\/vicalvarodental.com\/index.php\/wp-json\/wp\/v2\/pages"}],"about":[{"href":"https:\/\/vicalvarodental.com\/index.php\/wp-json\/wp\/v2\/types\/page"}],"author":[{"embeddable":true,"href":"https:\/\/vicalvarodental.com\/index.php\/wp-json\/wp\/v2\/users\/1"}],"replies":[{"embeddable":true,"href":"https:\/\/vicalvarodental.com\/index.php\/wp-json\/wp\/v2\/comments?post=390"}],"version-history":[{"count":17,"href":"https:\/\/vicalvarodental.com\/index.php\/wp-json\/wp\/v2\/pages\/390\/revisions"}],"predecessor-version":[{"id":698,"href":"https:\/\/vicalvarodental.com\/index.php\/wp-json\/wp\/v2\/pages\/390\/revisions\/698"}],"wp:attachment":[{"href":"https:\/\/vicalvarodental.com\/index.php\/wp-json\/wp\/v2\/media?parent=390"}],"curies":[{"name":"wp","href":"https:\/\/api.w.org\/{rel}","templated":true}]}}