{"id":245,"date":"2020-12-09T16:33:25","date_gmt":"2020-12-09T16:33:25","guid":{"rendered":"http:\/\/vicalvarodental.com\/wp\/?page_id=245"},"modified":"2021-11-17T22:19:34","modified_gmt":"2021-11-17T22:19:34","slug":"casos-clinicos","status":"publish","type":"page","link":"https:\/\/vicalvarodental.com\/index.php\/casos-clinicos\/","title":{"rendered":"Casos Cl\u00ednicos"},"content":{"rendered":"<table style=\"border-collapse: collapse; width: 100%;\" border=\"0\">\n<tbody>\n<tr>\n<td style=\"width: 50%;\" rowspan=\"6\"><img loading=\"lazy\" class=\"aligncenter wp-image-659 size-thumbnail\" src=\"http:\/\/vicalvarodental.com\/wp-content\/uploads\/2021\/10\/P1030132-300x169.jpg\" alt=\"\" width=\"300\" height=\"169\" srcset=\"https:\/\/vicalvarodental.com\/wp-content\/uploads\/2021\/10\/P1030132-300x169.jpg 300w, https:\/\/vicalvarodental.com\/wp-content\/uploads\/2021\/10\/P1030132-600x338.jpg 600w, https:\/\/vicalvarodental.com\/wp-content\/uploads\/2021\/10\/P1030132-1024x576.jpg 1024w, https:\/\/vicalvarodental.com\/wp-content\/uploads\/2021\/10\/P1030132-768x432.jpg 768w, https:\/\/vicalvarodental.com\/wp-content\/uploads\/2021\/10\/P1030132-1536x864.jpg 1536w, https:\/\/vicalvarodental.com\/wp-content\/uploads\/2021\/10\/P1030132-2048x1152.jpg 2048w\" sizes=\"(max-width: 300px) 100vw, 300px\" \/><\/td>\n<td style=\"width: 50%;\">\n<h2 style=\"text-align: center;\"><a href=\"http:\/\/vicalvarodental.com\/index.php\/casos-de-cirugia-e-implantes\/\">IMPLANTOLOG\u00cdA<\/a><\/h2>\n<\/td>\n<\/tr>\n<tr>\n<td style=\"width: 50%;\">\n<h2 style=\"text-align: center;\"><a href=\"http:\/\/vicalvarodental.com\/index.php\/casos-ortodoncia\/\">ORTODONCIA<\/a><\/h2>\n<\/td>\n<\/tr>\n<tr>\n<td style=\"width: 50%;\">\n<h2 style=\"text-align: center;\"><a href=\"http:\/\/vicalvarodental.com\/index.php\/casos-blanqueamientos\/\">BLANQUEAMIENTO<\/a><\/h2>\n<\/td>\n<\/tr>\n<tr>\n<td style=\"width: 50%;\">\n<h2 style=\"text-align: center;\"><a href=\"http:\/\/vicalvarodental.com\/index.php\/casos-con-acido-hialuronico\/\">\u00c1CIDO HIALUR\u00d3NICO<\/a><\/h2>\n<\/td>\n<\/tr>\n<tr>\n<td style=\"width: 50%;\"><\/td>\n<\/tr>\n<tr>\n<td style=\"width: 50%;\"><\/td>\n<\/tr>\n<\/tbody>\n<\/table>\n<p>&nbsp;<\/p>\n<p>&nbsp;<\/p>\n","protected":false},"excerpt":{"rendered":"<p>IMPLANTOLOG\u00cdA ORTODONCIA BLANQUEAMIENTO \u00c1CIDO HIALUR\u00d3NICO &nbsp; &nbsp;<\/p>\n","protected":false},"author":1,"featured_media":0,"parent":0,"menu_order":0,"comment_status":"closed","ping_status":"closed","template":"","meta":[],"_links":{"self":[{"href":"https:\/\/vicalvarodental.com\/index.php\/wp-json\/wp\/v2\/pages\/245"}],"collection":[{"href":"https:\/\/vicalvarodental.com\/index.php\/wp-json\/wp\/v2\/pages"}],"about":[{"href":"https:\/\/vicalvarodental.com\/index.php\/wp-json\/wp\/v2\/types\/page"}],"author":[{"embeddable":true,"href":"https:\/\/vicalvarodental.com\/index.php\/wp-json\/wp\/v2\/users\/1"}],"replies":[{"embeddable":true,"href":"https:\/\/vicalvarodental.com\/index.php\/wp-json\/wp\/v2\/comments?post=245"}],"version-history":[{"count":16,"href":"https:\/\/vicalvarodental.com\/index.php\/wp-json\/wp\/v2\/pages\/245\/revisions"}],"predecessor-version":[{"id":696,"href":"https:\/\/vicalvarodental.com\/index.php\/wp-json\/wp\/v2\/pages\/245\/revisions\/696"}],"wp:attachment":[{"href":"https:\/\/vicalvarodental.com\/index.php\/wp-json\/wp\/v2\/media?parent=245"}],"curies":[{"name":"wp","href":"https:\/\/api.w.org\/{rel}","templated":true}]}}