{"id":234,"date":"2020-10-25T10:03:20","date_gmt":"2020-10-25T10:03:20","guid":{"rendered":"http:\/\/vicalvarodental.com\/wp\/?page_id=234"},"modified":"2021-11-17T22:21:20","modified_gmt":"2021-11-17T22:21:20","slug":"servicios","status":"publish","type":"page","link":"https:\/\/vicalvarodental.com\/index.php\/servicios\/","title":{"rendered":"Tratamientos"},"content":{"rendered":"<p>&nbsp;<\/p>\n<table style=\"border-collapse: collapse; width: 100%;\" border=\"0\">\n<tbody>\n<tr>\n<td style=\"width: 50%;\" colspan=\"2\"><img loading=\"lazy\" class=\" wp-image-328 aligncenter\" src=\"http:\/\/vicalvarodental.com\/wp\/wp-content\/uploads\/2020\/11\/thumbnail_image0-e1605724550942-300x273.jpg\" alt=\"\" width=\"337\" height=\"307\" srcset=\"https:\/\/vicalvarodental.com\/wp-content\/uploads\/2020\/11\/thumbnail_image0-e1605724550942-300x273.jpg 300w, https:\/\/vicalvarodental.com\/wp-content\/uploads\/2020\/11\/thumbnail_image0-e1605724550942-600x545.jpg 600w, https:\/\/vicalvarodental.com\/wp-content\/uploads\/2020\/11\/thumbnail_image0-e1605724550942-768x698.jpg 768w, https:\/\/vicalvarodental.com\/wp-content\/uploads\/2020\/11\/thumbnail_image0-e1605724550942.jpg 940w\" sizes=\"(max-width: 337px) 100vw, 337px\" \/><\/td>\n<\/tr>\n<tr>\n<td style=\"width: 50%;\">\n<h2 style=\"text-align: center;\"><a href=\"http:\/\/vicalvarodental.com\/index.php\/implantologia\/\">IMPLANTOLOG\u00cdA<\/a><\/h2>\n<\/td>\n<td style=\"width: 50%;\">\n<h2 style=\"text-align: center;\"><a href=\"http:\/\/vicalvarodental.com\/index.php\/protesis\/\">PR\u00d3TESIS<\/a><\/h2>\n<\/td>\n<\/tr>\n<tr>\n<td style=\"width: 50%;\">\n<h2 style=\"text-align: center;\"><a href=\"http:\/\/vicalvarodental.com\/index.php\/odontopediatria\/\">ODONTOPEDIATR\u00cdA<\/a><\/h2>\n<\/td>\n<td style=\"width: 50%;\">\n<h2 style=\"text-align: center;\"><a href=\"http:\/\/vicalvarodental.com\/index.php\/ortodoncia\/\">ORTODONCIA<\/a><\/h2>\n<\/td>\n<\/tr>\n<tr>\n<td style=\"width: 50%;\">\n<h2 style=\"text-align: center;\"><a href=\"http:\/\/vicalvarodental.com\/index.php\/periodoncia\/\">PERIODONCIA<\/a><\/h2>\n<\/td>\n<td style=\"width: 50%;\">\n<h2 style=\"text-align: center;\"><a href=\"http:\/\/vicalvarodental.com\/index.php\/endodoncia\/\">ENDODONCIA<\/a><\/h2>\n<\/td>\n<\/tr>\n<tr>\n<td style=\"width: 50%;\">\n<h2 style=\"text-align: center;\"><a href=\"http:\/\/vicalvarodental.com\/index.php\/acido-hialuronico\/\">AC\u00cdDO HIALUR\u00d3NICO<\/a><\/h2>\n<\/td>\n<td style=\"width: 50%;\"><\/td>\n<\/tr>\n<\/tbody>\n<\/table>\n<h2><\/h2>\n","protected":false},"excerpt":{"rendered":"<p>&nbsp; IMPLANTOLOG\u00cdA PR\u00d3TESIS ODONTOPEDIATR\u00cdA ORTODONCIA PERIODONCIA ENDODONCIA AC\u00cdDO HIALUR\u00d3NICO<\/p>\n","protected":false},"author":1,"featured_media":0,"parent":0,"menu_order":0,"comment_status":"closed","ping_status":"closed","template":"","meta":[],"_links":{"self":[{"href":"https:\/\/vicalvarodental.com\/index.php\/wp-json\/wp\/v2\/pages\/234"}],"collection":[{"href":"https:\/\/vicalvarodental.com\/index.php\/wp-json\/wp\/v2\/pages"}],"about":[{"href":"https:\/\/vicalvarodental.com\/index.php\/wp-json\/wp\/v2\/types\/page"}],"author":[{"embeddable":true,"href":"https:\/\/vicalvarodental.com\/index.php\/wp-json\/wp\/v2\/users\/1"}],"replies":[{"embeddable":true,"href":"https:\/\/vicalvarodental.com\/index.php\/wp-json\/wp\/v2\/comments?post=234"}],"version-history":[{"count":32,"href":"https:\/\/vicalvarodental.com\/index.php\/wp-json\/wp\/v2\/pages\/234\/revisions"}],"predecessor-version":[{"id":697,"href":"https:\/\/vicalvarodental.com\/index.php\/wp-json\/wp\/v2\/pages\/234\/revisions\/697"}],"wp:attachment":[{"href":"https:\/\/vicalvarodental.com\/index.php\/wp-json\/wp\/v2\/media?parent=234"}],"curies":[{"name":"wp","href":"https:\/\/api.w.org\/{rel}","templated":true}]}}