{"id":77,"date":"2020-06-05T19:27:14","date_gmt":"2020-06-05T19:27:14","guid":{"rendered":"http:\/\/vicalvarodental.com\/wp\/?page_id=77"},"modified":"2020-12-10T09:25:48","modified_gmt":"2020-12-10T09:25:48","slug":"home","status":"publish","type":"page","link":"http:\/\/vicalvarodental.com\/index.php\/home\/","title":{"rendered":"Quienes Somos"},"content":{"rendered":"<p>&nbsp;<\/p>\n<p>Nuestra filosof\u00eda de tratamiento est\u00e1 basada en un alto nivel profesional, la buena relaci\u00f3n con los pacientes y la individualizaci\u00f3n del tratamiento. Alcanzando la excelencia en cada uno de nuestros tratamientos, recibiendo cada paciente un trato estrictamente personal.<\/p>\n<p>En nuestra cl\u00ednica atendemos varias especialidades: implantes dentales, periodoncia, cirug\u00eda oral, endodoncia, est\u00e9tica, pr\u00f3tesis\u2026<\/p>\n<p>Adem\u00e1s de un trato exquisito, en la <strong>Cl\u00ednica Dental<\/strong> <strong>Rodr\u00edguez &amp; Pardo<\/strong> encontrar\u00e1 profesionales con experiencia y formaci\u00f3n.<\/p>\n<p>Nuestro equipo m\u00e9dico\u00a0 estudiar\u00e1 su caso y le ofrecer\u00e1 la soluci\u00f3n que m\u00e1s se adapte a sus necesidades.<\/p>\n<p>&nbsp;<\/p>\n","protected":false},"excerpt":{"rendered":"<p>&nbsp; Nuestra filosof\u00eda de tratamiento est\u00e1 basada en un alto nivel profesional, la buena relaci\u00f3n con los pacientes y la individualizaci\u00f3n del tratamiento. Alcanzando la excelencia en cada uno de nuestros tratamientos, recibiendo cada paciente un trato estrictamente personal. En nuestra cl\u00ednica atendemos varias especialidades: implantes dentales, periodoncia, cirug\u00eda oral, endodoncia, est\u00e9tica, pr\u00f3tesis\u2026 Adem\u00e1s de [&hellip;]<\/p>\n","protected":false},"author":1,"featured_media":217,"parent":0,"menu_order":0,"comment_status":"closed","ping_status":"closed","template":"","meta":[],"_links":{"self":[{"href":"http:\/\/vicalvarodental.com\/index.php\/wp-json\/wp\/v2\/pages\/77"}],"collection":[{"href":"http:\/\/vicalvarodental.com\/index.php\/wp-json\/wp\/v2\/pages"}],"about":[{"href":"http:\/\/vicalvarodental.com\/index.php\/wp-json\/wp\/v2\/types\/page"}],"author":[{"embeddable":true,"href":"http:\/\/vicalvarodental.com\/index.php\/wp-json\/wp\/v2\/users\/1"}],"replies":[{"embeddable":true,"href":"http:\/\/vicalvarodental.com\/index.php\/wp-json\/wp\/v2\/comments?post=77"}],"version-history":[{"count":7,"href":"http:\/\/vicalvarodental.com\/index.php\/wp-json\/wp\/v2\/pages\/77\/revisions"}],"predecessor-version":[{"id":372,"href":"http:\/\/vicalvarodental.com\/index.php\/wp-json\/wp\/v2\/pages\/77\/revisions\/372"}],"wp:featuredmedia":[{"embeddable":true,"href":"http:\/\/vicalvarodental.com\/index.php\/wp-json\/wp\/v2\/media\/217"}],"wp:attachment":[{"href":"http:\/\/vicalvarodental.com\/index.php\/wp-json\/wp\/v2\/media?parent=77"}],"curies":[{"name":"wp","href":"https:\/\/api.w.org\/{rel}","templated":true}]}}